{"id":1874,"date":"2023-11-14T11:06:48","date_gmt":"2023-11-14T18:06:48","guid":{"rendered":"https:\/\/hermosillo.com\/real-estate\/plaza-valle-redondo\/"},"modified":"2025-09-22T16:53:27","modified_gmt":"2025-09-22T23:53:27","slug":"plaza-valle-redondo-hermosillo-real-estate-division","status":"publish","type":"page","link":"https:\/\/hermosillo.com\/real-estate\/plaza-valle-redondo-hermosillo-real-estate-division\/?lang=es","title":{"rendered":"PLAZA VALLE REDONDO"},"content":{"rendered":"\t\t<div data-elementor-type=\"wp-page\" data-elementor-id=\"1874\" class=\"elementor elementor-1874 elementor-1832\" data-elementor-post-type=\"page\">\n\t\t\t\t\t\t<section class=\"elementor-section elementor-top-section elementor-element elementor-element-3a492cd7 elementor-section-height-min-height elementor-section-boxed elementor-section-height-default elementor-section-items-middle\" data-id=\"3a492cd7\" data-element_type=\"section\" data-settings=\"{&quot;background_background&quot;:&quot;classic&quot;}\">\n\t\t\t\t\t\t\t<div class=\"elementor-background-overlay\"><\/div>\n\t\t\t\t\t\t\t<div class=\"elementor-container elementor-column-gap-default\">\n\t\t\t\t\t<div class=\"elementor-column elementor-col-33 elementor-top-column elementor-element elementor-element-526421a0\" data-id=\"526421a0\" data-element_type=\"column\">\n\t\t\t<div class=\"elementor-widget-wrap elementor-element-populated\">\n\t\t\t\t\t\t<div class=\"elementor-element elementor-element-7f0a1234 elementor-invisible elementor-widget elementor-widget-image\" data-id=\"7f0a1234\" data-element_type=\"widget\" data-settings=\"{&quot;_animation&quot;:&quot;fadeInDown&quot;}\" data-widget_type=\"image.default\">\n\t\t\t\t<div class=\"elementor-widget-container\">\n\t\t\t\t\t\t\t\t\t\t\t\t\t<img decoding=\"async\" width=\"194\" height=\"158\" src=\"https:\/\/hermosillo.com\/real-estate\/wp-content\/uploads\/2022\/01\/isotype.svg\" class=\"attachment-large size-large wp-image-235\" alt=\"\" \/>\t\t\t\t\t\t\t\t\t\t\t\t\t<\/div>\n\t\t\t\t<\/div>\n\t\t\t\t<div class=\"elementor-element elementor-element-25b795c4 elementor-invisible elementor-widget elementor-widget-heading\" data-id=\"25b795c4\" data-element_type=\"widget\" data-settings=\"{&quot;_animation&quot;:&quot;fadeInDown&quot;,&quot;_animation_delay&quot;:0}\" data-widget_type=\"heading.default\">\n\t\t\t\t<div class=\"elementor-widget-container\">\n\t\t\t<span class=\"elementor-heading-title elementor-size-default\">Tijuana, B.C.<\/span>\t\t<\/div>\n\t\t\t\t<\/div>\n\t\t\t\t<div class=\"elementor-element elementor-element-7a50c2aa elementor-invisible elementor-widget elementor-widget-button\" data-id=\"7a50c2aa\" data-element_type=\"widget\" data-settings=\"{&quot;_animation&quot;:&quot;fadeIn&quot;}\" data-widget_type=\"button.default\">\n\t\t\t\t<div class=\"elementor-widget-container\">\n\t\t\t\t\t<div class=\"elementor-button-wrapper\">\n\t\t\t<a class=\"elementor-button elementor-button-link elementor-size-sm\" href=\"#elementor-action%3Aaction%3Dpopup%3Aopen%26settings%3DeyJpZCI6MTcyNiwidG9nZ2xlIjpmYWxzZX0%3D\">\n\t\t\t\t\t\t<span class=\"elementor-button-content-wrapper\">\n\t\t\t\t\t\t<span class=\"elementor-button-icon\">\n\t\t\t\t<i aria-hidden=\"true\" class=\"fas fa-long-arrow-alt-right\"><\/i>\t\t\t<\/span>\n\t\t\t\t\t\t\t\t\t<span class=\"elementor-button-text\">M\u00e1s informaci\u00f3n<\/span>\n\t\t\t\t\t<\/span>\n\t\t\t\t\t<\/a>\n\t\t<\/div>\n\t\t\t\t<\/div>\n\t\t\t\t<\/div>\n\t\t\t\t\t<\/div>\n\t\t<\/div>\n\t\t\t\t<div class=\"elementor-column elementor-col-66 elementor-top-column elementor-element elementor-element-21aac8e8\" data-id=\"21aac8e8\" data-element_type=\"column\" data-settings=\"{&quot;background_background&quot;:&quot;slideshow&quot;,&quot;background_slideshow_gallery&quot;:[{&quot;id&quot;:1851,&quot;url&quot;:&quot;https:\\\/\\\/hermosillo.com\\\/real-estate\\\/wp-content\\\/uploads\\\/2023\\\/11\\\/WhatsApp-Image-2023-11-08-at-9.34.55-AM-copy-1.webp&quot;},{&quot;id&quot;:1853,&quot;url&quot;:&quot;https:\\\/\\\/hermosillo.com\\\/real-estate\\\/wp-content\\\/uploads\\\/2023\\\/11\\\/WhatsApp-Image-2023-11-08-at-9.34.56-AM-copy-1.webp&quot;},{&quot;id&quot;:1855,&quot;url&quot;:&quot;https:\\\/\\\/hermosillo.com\\\/real-estate\\\/wp-content\\\/uploads\\\/2023\\\/11\\\/WhatsApp-Image-2023-11-08-at-9.34.58-AM-copy-1.webp&quot;}],&quot;background_slideshow_slide_duration&quot;:3000,&quot;background_slideshow_loop&quot;:&quot;yes&quot;,&quot;background_slideshow_slide_transition&quot;:&quot;fade&quot;,&quot;background_slideshow_transition_duration&quot;:500}\">\n\t\t\t<div class=\"elementor-widget-wrap\">\n\t\t\t\t\t\t\t<\/div>\n\t\t<\/div>\n\t\t\t\t\t<\/div>\n\t\t<\/section>\n\t\t\t\t<section class=\"elementor-section elementor-top-section elementor-element elementor-element-4ab9318e elementor-section-boxed elementor-section-height-default elementor-section-height-default\" data-id=\"4ab9318e\" data-element_type=\"section\" data-settings=\"{&quot;background_background&quot;:&quot;classic&quot;}\">\n\t\t\t\t\t\t<div class=\"elementor-container elementor-column-gap-default\">\n\t\t\t\t\t<div class=\"elementor-column elementor-col-100 elementor-top-column elementor-element elementor-element-3825e0d5 elementor-invisible\" data-id=\"3825e0d5\" data-element_type=\"column\" data-settings=\"{&quot;background_background&quot;:&quot;classic&quot;,&quot;motion_fx_motion_fx_scrolling&quot;:&quot;yes&quot;,&quot;motion_fx_translateY_effect&quot;:&quot;yes&quot;,&quot;motion_fx_translateY_direction&quot;:&quot;negative&quot;,&quot;motion_fx_translateY_speed&quot;:{&quot;unit&quot;:&quot;px&quot;,&quot;size&quot;:2.2,&quot;sizes&quot;:[]},&quot;motion_fx_translateY_affectedRange&quot;:{&quot;unit&quot;:&quot;%&quot;,&quot;size&quot;:&quot;&quot;,&quot;sizes&quot;:{&quot;start&quot;:0,&quot;end&quot;:49}},&quot;animation&quot;:&quot;fadeIn&quot;,&quot;motion_fx_devices&quot;:[&quot;desktop&quot;,&quot;tablet&quot;,&quot;mobile&quot;]}\">\n\t\t\t<div class=\"elementor-widget-wrap elementor-element-populated\">\n\t\t\t\t\t\t<div class=\"elementor-element elementor-element-363e07d2 elementor-widget elementor-widget-heading\" data-id=\"363e07d2\" data-element_type=\"widget\" data-widget_type=\"heading.default\">\n\t\t\t\t<div class=\"elementor-widget-container\">\n\t\t\t<h2 class=\"elementor-heading-title elementor-size-default\">PLAZA VALLE REDONDO - Hermosillo: Real Estate Division<\/h2>\t\t<\/div>\n\t\t\t\t<\/div>\n\t\t\t\t<div class=\"elementor-element elementor-element-7712cf50 elementor-widget elementor-widget-text-editor\" data-id=\"7712cf50\" data-element_type=\"widget\" data-widget_type=\"text-editor.default\">\n\t\t\t\t<div class=\"elementor-widget-container\">\n\t\t\t\t\t\t\t<p><span style=\"font-weight: 400;\">Centro comercial. Ubicaci\u00f3n estrat\u00e9gica en Tijuana.<\/span><\/p>\t\t\t\t\t\t<\/div>\n\t\t\t\t<\/div>\n\t\t\t\t<div class=\"elementor-element elementor-element-4de9142 elementor-widget elementor-widget-image\" data-id=\"4de9142\" data-element_type=\"widget\" data-widget_type=\"image.default\">\n\t\t\t\t<div class=\"elementor-widget-container\">\n\t\t\t\t\t\t\t\t\t\t\t\t\t<img fetchpriority=\"high\" decoding=\"async\" width=\"539\" height=\"542\" src=\"https:\/\/hermosillo.com\/real-estate\/wp-content\/uploads\/2024\/11\/Untitled-1.png\" class=\"attachment-large size-large wp-image-2380\" alt=\"\" srcset=\"https:\/\/hermosillo.com\/real-estate\/wp-content\/uploads\/2024\/11\/Untitled-1.png 539w, https:\/\/hermosillo.com\/real-estate\/wp-content\/uploads\/2024\/11\/Untitled-1-298x300.png 298w, https:\/\/hermosillo.com\/real-estate\/wp-content\/uploads\/2024\/11\/Untitled-1-150x150.png 150w\" sizes=\"(max-width: 539px) 100vw, 539px\" \/>\t\t\t\t\t\t\t\t\t\t\t\t\t<\/div>\n\t\t\t\t<\/div>\n\t\t\t\t<div class=\"elementor-element elementor-element-4cf53d21 elementor-widget elementor-widget-image\" data-id=\"4cf53d21\" data-element_type=\"widget\" data-widget_type=\"image.default\">\n\t\t\t\t<div class=\"elementor-widget-container\">\n\t\t\t\t\t\t\t\t\t\t\t\t\t<img decoding=\"async\" width=\"194\" height=\"158\" src=\"https:\/\/hermosillo.com\/real-estate\/wp-content\/uploads\/2022\/01\/isotype.svg\" class=\"attachment-large size-large wp-image-235\" alt=\"\" \/>\t\t\t\t\t\t\t\t\t\t\t\t\t<\/div>\n\t\t\t\t<\/div>\n\t\t\t\t\t<\/div>\n\t\t<\/div>\n\t\t\t\t\t<\/div>\n\t\t<\/section>\n\t\t\t\t<section class=\"elementor-section elementor-top-section elementor-element elementor-element-5d959ee7 elementor-section-boxed elementor-section-height-default elementor-section-height-default\" data-id=\"5d959ee7\" data-element_type=\"section\">\n\t\t\t\t\t\t<div class=\"elementor-container elementor-column-gap-default\">\n\t\t\t\t\t<div class=\"elementor-column elementor-col-33 elementor-top-column elementor-element elementor-element-58c4a4de elementor-invisible\" data-id=\"58c4a4de\" data-element_type=\"column\" data-settings=\"{&quot;animation&quot;:&quot;fadeInUp&quot;}\">\n\t\t\t<div class=\"elementor-widget-wrap elementor-element-populated\">\n\t\t\t\t\t\t<div class=\"elementor-element elementor-element-324101be elementor-position-top elementor-widget elementor-widget-image-box\" data-id=\"324101be\" data-element_type=\"widget\" data-widget_type=\"image-box.default\">\n\t\t\t\t<div class=\"elementor-widget-container\">\n\t\t\t<div class=\"elementor-image-box-wrapper\"><figure class=\"elementor-image-box-img\"><img decoding=\"async\" width=\"500\" height=\"500\" src=\"https:\/\/hermosillo.com\/real-estate\/wp-content\/uploads\/2022\/01\/Characteristics-01.svg\" class=\"attachment-full size-full wp-image-334\" alt=\"\" \/><\/figure><div class=\"elementor-image-box-content\"><h3 class=\"elementor-image-box-title\">SERVICIOS<\/h3><p class=\"elementor-image-box-description\">Excelente centro comercial en zona Valle Redondo de Tijuana. Cuenta con 11 locales comerciales.<\/p><\/div><\/div>\t\t<\/div>\n\t\t\t\t<\/div>\n\t\t\t\t\t<\/div>\n\t\t<\/div>\n\t\t\t\t<div class=\"elementor-column elementor-col-33 elementor-top-column elementor-element elementor-element-2984adb1 elementor-invisible\" data-id=\"2984adb1\" data-element_type=\"column\" data-settings=\"{&quot;animation&quot;:&quot;fadeInUp&quot;}\">\n\t\t\t<div class=\"elementor-widget-wrap elementor-element-populated\">\n\t\t\t\t\t\t<div class=\"elementor-element elementor-element-fa6ea97 elementor-position-top elementor-widget elementor-widget-image-box\" data-id=\"fa6ea97\" data-element_type=\"widget\" data-widget_type=\"image-box.default\">\n\t\t\t\t<div class=\"elementor-widget-container\">\n\t\t\t<div class=\"elementor-image-box-wrapper\"><figure class=\"elementor-image-box-img\"><img loading=\"lazy\" decoding=\"async\" width=\"500\" height=\"500\" src=\"https:\/\/hermosillo.com\/real-estate\/wp-content\/uploads\/2022\/01\/Characteristics-02.svg\" class=\"attachment-full size-full wp-image-338\" alt=\"\" \/><\/figure><div class=\"elementor-image-box-content\"><h3 class=\"elementor-image-box-title\">\u00c1REA DE SUPERFICIE<\/h3><p class=\"elementor-image-box-description\">1,000 metros cuadrados. 100 espacios de estacionamiento.<\/p><\/div><\/div>\t\t<\/div>\n\t\t\t\t<\/div>\n\t\t\t\t\t<\/div>\n\t\t<\/div>\n\t\t\t\t<div class=\"elementor-column elementor-col-33 elementor-top-column elementor-element elementor-element-63ee5d6a elementor-invisible\" data-id=\"63ee5d6a\" data-element_type=\"column\" data-settings=\"{&quot;background_background&quot;:&quot;classic&quot;,&quot;animation&quot;:&quot;fadeInUp&quot;}\">\n\t\t\t<div class=\"elementor-widget-wrap elementor-element-populated\">\n\t\t\t\t\t\t<div class=\"elementor-element elementor-element-3972bc5 elementor-position-top elementor-widget elementor-widget-image-box\" data-id=\"3972bc5\" data-element_type=\"widget\" data-widget_type=\"image-box.default\">\n\t\t\t\t<div class=\"elementor-widget-container\">\n\t\t\t<div class=\"elementor-image-box-wrapper\"><figure class=\"elementor-image-box-img\"><img loading=\"lazy\" decoding=\"async\" width=\"500\" height=\"500\" src=\"https:\/\/hermosillo.com\/real-estate\/wp-content\/uploads\/2022\/01\/Characteristics-03.svg\" class=\"attachment-full size-full wp-image-339\" alt=\"\" \/><\/figure><div class=\"elementor-image-box-content\"><h3 class=\"elementor-image-box-title\">UBICACI\u00d3N<\/h3><p class=\"elementor-image-box-description\">Carretera Libre Tijuana-Tecate Centro Comercial Valle Redondo, El Florido, 22701 Tijuana, B.C.<\/p><\/div><\/div>\t\t<\/div>\n\t\t\t\t<\/div>\n\t\t\t\t\t<\/div>\n\t\t<\/div>\n\t\t\t\t\t<\/div>\n\t\t<\/section>\n\t\t\t\t<section class=\"elementor-section elementor-top-section elementor-element elementor-element-4ea8d17b elementor-section-boxed elementor-section-height-default elementor-section-height-default\" data-id=\"4ea8d17b\" data-element_type=\"section\" id=\"section-cat\" data-settings=\"{&quot;background_background&quot;:&quot;classic&quot;}\">\n\t\t\t\t\t\t<div class=\"elementor-container elementor-column-gap-default\">\n\t\t\t\t\t<div class=\"elementor-column elementor-col-100 elementor-top-column elementor-element elementor-element-144c0fe2\" data-id=\"144c0fe2\" data-element_type=\"column\">\n\t\t\t<div class=\"elementor-widget-wrap elementor-element-populated\">\n\t\t\t\t\t\t<div class=\"elementor-element elementor-element-317edfd8 elementor-widget elementor-widget-heading\" data-id=\"317edfd8\" data-element_type=\"widget\" data-widget_type=\"heading.default\">\n\t\t\t\t<div class=\"elementor-widget-container\">\n\t\t\t<h2 class=\"elementor-heading-title elementor-size-default\">PLAZA VALLE REDONDO<\/h2>\t\t<\/div>\n\t\t\t\t<\/div>\n\t\t\t\t<div class=\"elementor-element elementor-element-14ed8f6d elementor-widget elementor-widget-heading\" data-id=\"14ed8f6d\" data-element_type=\"widget\" data-widget_type=\"heading.default\">\n\t\t\t\t<div class=\"elementor-widget-container\">\n\t\t\t<h2 class=\"elementor-heading-title elementor-size-default\">LOCAL COMERCIAL EN RENTA<\/h2>\t\t<\/div>\n\t\t\t\t<\/div>\n\t\t\t\t<div class=\"elementor-element elementor-element-6a80939d elementor-widget elementor-widget-text-editor\" data-id=\"6a80939d\" data-element_type=\"widget\" data-widget_type=\"text-editor.default\">\n\t\t\t\t<div class=\"elementor-widget-container\">\n\t\t\t\t\t\t\t<p><span style=\"font-weight: 400;\">Descarga la ficha t\u00e9cnica y te contactaremos con m\u00e1s informaci\u00f3n.<\/span><\/p>\n\t\t\t\t\t\t<\/div>\n\t\t\t\t<\/div>\n\t\t\t\t<div class=\"elementor-element elementor-element-2a52221b elementor-align-center elementor-invisible elementor-widget elementor-widget-button\" data-id=\"2a52221b\" data-element_type=\"widget\" data-settings=\"{&quot;_animation&quot;:&quot;fadeIn&quot;}\" data-widget_type=\"button.default\">\n\t\t\t\t<div class=\"elementor-widget-container\">\n\t\t\t\t\t<div class=\"elementor-button-wrapper\">\n\t\t\t<a class=\"elementor-button elementor-button-link elementor-size-sm\" href=\"#elementor-action%3Aaction%3Dpopup%3Aopen%26settings%3DeyJpZCI6Mjg0LCJ0b2dnbGUiOmZhbHNlfQ%3D%3D\">\n\t\t\t\t\t\t<span class=\"elementor-button-content-wrapper\">\n\t\t\t\t\t\t<span class=\"elementor-button-icon\">\n\t\t\t\t<i aria-hidden=\"true\" class=\"fas fa-long-arrow-alt-right\"><\/i>\t\t\t<\/span>\n\t\t\t\t\t\t\t\t\t<span class=\"elementor-button-text\">DESCARGA PDF BROCHURE<\/span>\n\t\t\t\t\t<\/span>\n\t\t\t\t\t<\/a>\n\t\t<\/div>\n\t\t\t\t<\/div>\n\t\t\t\t<\/div>\n\t\t\t\t\t<\/div>\n\t\t<\/div>\n\t\t\t\t\t<\/div>\n\t\t<\/section>\n\t\t\t\t<section class=\"elementor-section elementor-top-section elementor-element elementor-element-38ff2424 elementor-section-boxed elementor-section-height-default elementor-section-height-default\" data-id=\"38ff2424\" data-element_type=\"section\">\n\t\t\t\t\t\t<div class=\"elementor-container elementor-column-gap-default\">\n\t\t\t\t\t<div class=\"elementor-column elementor-col-100 elementor-top-column elementor-element elementor-element-1b2e98dc elementor-invisible\" data-id=\"1b2e98dc\" data-element_type=\"column\" data-settings=\"{&quot;animation&quot;:&quot;fadeIn&quot;}\">\n\t\t\t<div class=\"elementor-widget-wrap elementor-element-populated\">\n\t\t\t\t\t\t<div class=\"elementor-element elementor-element-42ef3ba6 elementor-widget elementor-widget-google_maps\" data-id=\"42ef3ba6\" data-element_type=\"widget\" data-widget_type=\"google_maps.default\">\n\t\t\t\t<div class=\"elementor-widget-container\">\n\t\t\t\t\t<div class=\"elementor-custom-embed\">\n\t\t\t<iframe loading=\"lazy\"\n\t\t\t\t\tsrc=\"https:\/\/maps.google.com\/maps?q=32%C2%B028%2715.2%22N%20116%C2%B047%2723.6%22W&#038;t=m&#038;z=17&#038;output=embed&#038;iwloc=near\"\n\t\t\t\t\ttitle=\"32\u00b028&#039;15.2&quot;N 116\u00b047&#039;23.6&quot;W\"\n\t\t\t\t\taria-label=\"32\u00b028&#039;15.2&quot;N 116\u00b047&#039;23.6&quot;W\"\n\t\t\t><\/iframe>\n\t\t<\/div>\n\t\t\t\t<\/div>\n\t\t\t\t<\/div>\n\t\t\t\t\t<\/div>\n\t\t<\/div>\n\t\t\t\t\t<\/div>\n\t\t<\/section>\n\t\t\t\t<section class=\"elementor-section elementor-top-section elementor-element elementor-element-aaa279c elementor-section-boxed elementor-section-height-default elementor-section-height-default\" data-id=\"aaa279c\" data-element_type=\"section\">\n\t\t\t\t\t\t<div class=\"elementor-container elementor-column-gap-default\">\n\t\t\t\t\t<div class=\"elementor-column elementor-col-100 elementor-top-column elementor-element elementor-element-f63d1a8\" data-id=\"f63d1a8\" data-element_type=\"column\">\n\t\t\t<div class=\"elementor-widget-wrap elementor-element-populated\">\n\t\t\t\t\t\t<div class=\"elementor-element elementor-element-4804f3b elementor-widget elementor-widget-html\" data-id=\"4804f3b\" data-element_type=\"widget\" data-widget_type=\"html.default\">\n\t\t\t\t<div class=\"elementor-widget-container\">\n\t\t\t<!-- Google tag (gtag.js) -->\n<script async src=\"https:\/\/www.googletagmanager.com\/gtag\/js?id=AW-11483828247\">\n<\/script>\n<script>\nwindow.dataLayer = window.dataLayer || [];\nfunction gtag(){dataLayer.push(arguments);}\ngtag('js', new Date());\n\ngtag('config', 'AW-11483828247');\n<\/script>\t\t<\/div>\n\t\t\t\t<\/div>\n\t\t\t\t\t<\/div>\n\t\t<\/div>\n\t\t\t\t\t<\/div>\n\t\t<\/section>\n\t\t\t\t<\/div>\n\t\t","protected":false},"excerpt":{"rendered":"<p>Tijuana, B.C. M\u00e1s informaci\u00f3n PLAZA VALLE REDONDO &#8211; Hermosillo: Real Estate Division Centro comercial. Ubicaci\u00f3n estrat\u00e9gica en Tijuana. SERVICIOS Excelente centro comercial en zona Valle Redondo de Tijuana. Cuenta con 11 locales comerciales. \u00c1REA DE SUPERFICIE 1,000 metros cuadrados. 100 espacios de estacionamiento. UBICACI\u00d3N Carretera Libre Tijuana-Tecate Centro Comercial Valle Redondo, El Florido, 22701 Tijuana, [&hellip;]<\/p>\n","protected":false},"author":4,"featured_media":0,"parent":0,"menu_order":0,"comment_status":"closed","ping_status":"closed","template":"elementor_header_footer","meta":{"footnotes":""},"class_list":["post-1874","page","type-page","status-publish","hentry"],"yoast_head":"<!-- This site is optimized with the Yoast SEO plugin v21.8 - https:\/\/yoast.com\/wordpress\/plugins\/seo\/ -->\n<title>PLAZA VALLE REDONDO - Hermosillo: Real Estate<\/title>\n<meta name=\"description\" content=\"Descubre terrenos industriales en Valle Redondo con Hermosillo. Conoce las ubicaciones estrat\u00e9gicas y los beneficios para tu inversi\u00f3n\" \/>\n<meta name=\"robots\" content=\"index, follow, max-snippet:-1, max-image-preview:large, max-video-preview:-1\" \/>\n<link rel=\"canonical\" href=\"https:\/\/hermosillo.com\/real-estate\/plaza-valle-redondo-hermosillo-real-estate-division\/?lang=es\" \/>\n<meta property=\"og:locale\" content=\"en_US\" \/>\n<meta property=\"og:type\" content=\"article\" \/>\n<meta property=\"og:title\" content=\"PLAZA VALLE REDONDO - Hermosillo: Real Estate\" \/>\n<meta property=\"og:description\" content=\"Descubre terrenos industriales en Valle Redondo con Hermosillo. Conoce las ubicaciones estrat\u00e9gicas y los beneficios para tu inversi\u00f3n\" \/>\n<meta property=\"og:url\" content=\"https:\/\/hermosillo.com\/real-estate\/plaza-valle-redondo-hermosillo-real-estate-division\/?lang=es\" \/>\n<meta property=\"og:site_name\" content=\"Hermosillo: Real Estate\" \/>\n<meta property=\"article:modified_time\" content=\"2025-09-22T23:53:27+00:00\" \/>\n<meta property=\"og:image\" content=\"https:\/\/hermosillo.com\/real-estate\/wp-content\/uploads\/2022\/01\/isotype.svg\" \/>\n<meta name=\"twitter:card\" content=\"summary_large_image\" \/>\n<meta name=\"twitter:label1\" content=\"Est. reading time\" \/>\n\t<meta name=\"twitter:data1\" content=\"2 minutes\" \/>\n<script type=\"application\/ld+json\" class=\"yoast-schema-graph\">{\"@context\":\"https:\/\/schema.org\",\"@graph\":[{\"@type\":\"WebPage\",\"@id\":\"https:\/\/hermosillo.com\/real-estate\/plaza-valle-redondo-hermosillo-real-estate-division\/?lang=es\",\"url\":\"https:\/\/hermosillo.com\/real-estate\/plaza-valle-redondo-hermosillo-real-estate-division\/?lang=es\",\"name\":\"PLAZA VALLE REDONDO - Hermosillo: Real Estate\",\"isPartOf\":{\"@id\":\"https:\/\/hermosillo.com\/real-estate\/#website\"},\"datePublished\":\"2023-11-14T18:06:48+00:00\",\"dateModified\":\"2025-09-22T23:53:27+00:00\",\"description\":\"Descubre terrenos industriales en Valle Redondo con Hermosillo. Conoce las ubicaciones estrat\u00e9gicas y los beneficios para tu inversi\u00f3n\",\"breadcrumb\":{\"@id\":\"https:\/\/hermosillo.com\/real-estate\/plaza-valle-redondo-hermosillo-real-estate-division\/?lang=es#breadcrumb\"},\"inLanguage\":\"en-US\",\"potentialAction\":[{\"@type\":\"ReadAction\",\"target\":[\"https:\/\/hermosillo.com\/real-estate\/plaza-valle-redondo-hermosillo-real-estate-division\/?lang=es\"]}]},{\"@type\":\"BreadcrumbList\",\"@id\":\"https:\/\/hermosillo.com\/real-estate\/plaza-valle-redondo-hermosillo-real-estate-division\/?lang=es#breadcrumb\",\"itemListElement\":[{\"@type\":\"ListItem\",\"position\":1,\"name\":\"Home\",\"item\":\"https:\/\/hermosillo.com\/real-estate\/?lang=es\"},{\"@type\":\"ListItem\",\"position\":2,\"name\":\"PLAZA VALLE REDONDO\"}]},{\"@type\":\"WebSite\",\"@id\":\"https:\/\/hermosillo.com\/real-estate\/#website\",\"url\":\"https:\/\/hermosillo.com\/real-estate\/\",\"name\":\"Hermosillo: Real Estate\",\"description\":\"For Lease or Sale\",\"publisher\":{\"@id\":\"https:\/\/hermosillo.com\/real-estate\/#organization\"},\"potentialAction\":[{\"@type\":\"SearchAction\",\"target\":{\"@type\":\"EntryPoint\",\"urlTemplate\":\"https:\/\/hermosillo.com\/real-estate\/?s={search_term_string}\"},\"query-input\":\"required name=search_term_string\"}],\"inLanguage\":\"en-US\"},{\"@type\":\"Organization\",\"@id\":\"https:\/\/hermosillo.com\/real-estate\/#organization\",\"name\":\"Hermosillo: Real Estate\",\"url\":\"https:\/\/hermosillo.com\/real-estate\/\",\"logo\":{\"@type\":\"ImageObject\",\"inLanguage\":\"en-US\",\"@id\":\"https:\/\/hermosillo.com\/real-estate\/#\/schema\/logo\/image\/\",\"url\":\"https:\/\/hermosillo.com\/real-estate\/wp-content\/uploads\/2022\/01\/semilogo.svg\",\"contentUrl\":\"https:\/\/hermosillo.com\/real-estate\/wp-content\/uploads\/2022\/01\/semilogo.svg\",\"width\":297,\"height\":35,\"caption\":\"Hermosillo: Real Estate\"},\"image\":{\"@id\":\"https:\/\/hermosillo.com\/real-estate\/#\/schema\/logo\/image\/\"}}]}<\/script>\n<!-- \/ Yoast SEO plugin. -->","yoast_head_json":{"title":"PLAZA VALLE REDONDO - Hermosillo: Real Estate","description":"Descubre terrenos industriales en Valle Redondo con Hermosillo. Conoce las ubicaciones estrat\u00e9gicas y los beneficios para tu inversi\u00f3n","robots":{"index":"index","follow":"follow","max-snippet":"max-snippet:-1","max-image-preview":"max-image-preview:large","max-video-preview":"max-video-preview:-1"},"canonical":"https:\/\/hermosillo.com\/real-estate\/plaza-valle-redondo-hermosillo-real-estate-division\/?lang=es","og_locale":"en_US","og_type":"article","og_title":"PLAZA VALLE REDONDO - Hermosillo: Real Estate","og_description":"Descubre terrenos industriales en Valle Redondo con Hermosillo. Conoce las ubicaciones estrat\u00e9gicas y los beneficios para tu inversi\u00f3n","og_url":"https:\/\/hermosillo.com\/real-estate\/plaza-valle-redondo-hermosillo-real-estate-division\/?lang=es","og_site_name":"Hermosillo: Real Estate","article_modified_time":"2025-09-22T23:53:27+00:00","og_image":[{"url":"https:\/\/hermosillo.com\/real-estate\/wp-content\/uploads\/2022\/01\/isotype.svg"}],"twitter_card":"summary_large_image","twitter_misc":{"Est. reading time":"2 minutes"},"schema":{"@context":"https:\/\/schema.org","@graph":[{"@type":"WebPage","@id":"https:\/\/hermosillo.com\/real-estate\/plaza-valle-redondo-hermosillo-real-estate-division\/?lang=es","url":"https:\/\/hermosillo.com\/real-estate\/plaza-valle-redondo-hermosillo-real-estate-division\/?lang=es","name":"PLAZA VALLE REDONDO - Hermosillo: Real Estate","isPartOf":{"@id":"https:\/\/hermosillo.com\/real-estate\/#website"},"datePublished":"2023-11-14T18:06:48+00:00","dateModified":"2025-09-22T23:53:27+00:00","description":"Descubre terrenos industriales en Valle Redondo con Hermosillo. Conoce las ubicaciones estrat\u00e9gicas y los beneficios para tu inversi\u00f3n","breadcrumb":{"@id":"https:\/\/hermosillo.com\/real-estate\/plaza-valle-redondo-hermosillo-real-estate-division\/?lang=es#breadcrumb"},"inLanguage":"en-US","potentialAction":[{"@type":"ReadAction","target":["https:\/\/hermosillo.com\/real-estate\/plaza-valle-redondo-hermosillo-real-estate-division\/?lang=es"]}]},{"@type":"BreadcrumbList","@id":"https:\/\/hermosillo.com\/real-estate\/plaza-valle-redondo-hermosillo-real-estate-division\/?lang=es#breadcrumb","itemListElement":[{"@type":"ListItem","position":1,"name":"Home","item":"https:\/\/hermosillo.com\/real-estate\/?lang=es"},{"@type":"ListItem","position":2,"name":"PLAZA VALLE REDONDO"}]},{"@type":"WebSite","@id":"https:\/\/hermosillo.com\/real-estate\/#website","url":"https:\/\/hermosillo.com\/real-estate\/","name":"Hermosillo: Real Estate","description":"For Lease or Sale","publisher":{"@id":"https:\/\/hermosillo.com\/real-estate\/#organization"},"potentialAction":[{"@type":"SearchAction","target":{"@type":"EntryPoint","urlTemplate":"https:\/\/hermosillo.com\/real-estate\/?s={search_term_string}"},"query-input":"required name=search_term_string"}],"inLanguage":"en-US"},{"@type":"Organization","@id":"https:\/\/hermosillo.com\/real-estate\/#organization","name":"Hermosillo: Real Estate","url":"https:\/\/hermosillo.com\/real-estate\/","logo":{"@type":"ImageObject","inLanguage":"en-US","@id":"https:\/\/hermosillo.com\/real-estate\/#\/schema\/logo\/image\/","url":"https:\/\/hermosillo.com\/real-estate\/wp-content\/uploads\/2022\/01\/semilogo.svg","contentUrl":"https:\/\/hermosillo.com\/real-estate\/wp-content\/uploads\/2022\/01\/semilogo.svg","width":297,"height":35,"caption":"Hermosillo: Real Estate"},"image":{"@id":"https:\/\/hermosillo.com\/real-estate\/#\/schema\/logo\/image\/"}}]}},"_links":{"self":[{"href":"https:\/\/hermosillo.com\/real-estate\/wp-json\/wp\/v2\/pages\/1874","targetHints":{"allow":["GET"]}}],"collection":[{"href":"https:\/\/hermosillo.com\/real-estate\/wp-json\/wp\/v2\/pages"}],"about":[{"href":"https:\/\/hermosillo.com\/real-estate\/wp-json\/wp\/v2\/types\/page"}],"author":[{"embeddable":true,"href":"https:\/\/hermosillo.com\/real-estate\/wp-json\/wp\/v2\/users\/4"}],"replies":[{"embeddable":true,"href":"https:\/\/hermosillo.com\/real-estate\/wp-json\/wp\/v2\/comments?post=1874"}],"version-history":[{"count":31,"href":"https:\/\/hermosillo.com\/real-estate\/wp-json\/wp\/v2\/pages\/1874\/revisions"}],"predecessor-version":[{"id":3147,"href":"https:\/\/hermosillo.com\/real-estate\/wp-json\/wp\/v2\/pages\/1874\/revisions\/3147"}],"wp:attachment":[{"href":"https:\/\/hermosillo.com\/real-estate\/wp-json\/wp\/v2\/media?parent=1874"}],"curies":[{"name":"wp","href":"https:\/\/api.w.org\/{rel}","templated":true}]}}